{"id":3641,"date":"2016-03-10T07:39:28","date_gmt":"2016-03-10T07:39:28","guid":{"rendered":"http:\/\/ninzio.com\/focuson\/?page_id=7"},"modified":"2023-11-16T15:46:44","modified_gmt":"2023-11-16T15:46:44","slug":"home","status":"publish","type":"page","link":"https:\/\/adivat.pt\/inicio\/","title":{"rendered":"Home"},"content":{"rendered":"<p>[vc_row padding_top=&#8221;100&#8243; padding_bottom=&#8221;50&#8243;][vc_column]<div class=\"nz-content-box nz-clearfix animate-none\" data-columns=\"3\" data-animate=\"false\"><div id=\"nz-box-1\" class=\"  nz-box animate-item\"><div class=\"nz-box-wrap\"><style>#nz-box-1 .box-icon {color:#c2c2c2;}#nz-box-1:hover .box-icon {color:#60B947 !important;}<\/style><div class=\"box-icon-wrap\"><div class=\"box-icon icon-cog\"><\/div><\/div><div class=\"box-data\"><\/p>\n<h3><span style=\"font-size: 16px; line-height: 26px;\">AGRICULTURA<\/span><\/h3>\n<p>Nos servi\u00e7os agr\u00edcolas temos ao dispor dos associados, t\u00e9cnicos especializados e credenciados pelo IFAP.<a class=\"box-more\" href=\"https:\/\/adivat.pt\/inicio\/agricultura\">Saber mais<span class=\"icon-arrow-right2\"><\/span><\/a><\/div><\/div><\/div><div id=\"nz-box-2\" class=\"  nz-box animate-item\"><div class=\"nz-box-wrap\"><style>#nz-box-2 .box-icon {color:#c2c2c2;}#nz-box-2:hover .box-icon {color:#60B947 !important;}<\/style><div class=\"box-icon-wrap\"><div class=\"box-icon icon-stack\"><\/div><\/div><div class=\"box-data\"><\/p>\n<h3><span style=\"font-size: 16px; line-height: 26px;\">AVALIA\u00c7\u00d5ES IM\u00d3VEIS<\/span><\/h3>\n<p>A avalia\u00e7\u00e3o das propriedades imobili\u00e1rias visa estimar o valor de um bem im\u00f3vel (habita\u00e7\u00e3o, com\u00e9rcio, escrit\u00f3rio, armaz\u00e9m, etc.)<a class=\"box-more\" href=\"https:\/\/adivat.pt\/inicio\/avaliacoes-imoveis\">Saber mais<span class=\"icon-arrow-right2\"><\/span><\/a><\/div><\/div><\/div><div id=\"nz-box-3\" class=\"  nz-box animate-item\"><div class=\"nz-box-wrap\"><style>#nz-box-3 .box-icon {color:#c2c2c2;}#nz-box-3:hover .box-icon {color:#60B947 !important;}<\/style><div class=\"box-icon-wrap\"><div class=\"box-icon icon-support\"><\/div><\/div><div class=\"box-data\"><\/p>\n<h3><span style=\"font-size: 16px; line-height: 26px;\">CERTIFICADOS ENERG\u00c9TICOS<\/span><\/h3>\n<p><span style=\"color: #777777;\">Um certificado energ\u00e9tico \u00e9 o 1\u00ba passo para obter conforto e benef\u00edcios econ\u00f3micos na sua casa. Conhe\u00e7a todas as vantagens.<\/span><a class=\"box-more\" href=\"https:\/\/adivat.pt\/inicio\/certificados-energeticos\">Saber mais<span class=\"icon-arrow-right2\"><\/span><\/a><\/div><\/div><\/div><div id=\"nz-box-4\" class=\"  nz-box animate-item\"><div class=\"nz-box-wrap\"><style>#nz-box-4 .box-icon {color:#c2c2c2;}#nz-box-4:hover .box-icon {color:#60B947 !important;}<\/style><div class=\"box-icon-wrap\"><div class=\"box-icon icon-support\"><\/div><\/div><div class=\"box-data\"><\/p>\n<h3><span style=\"font-size: 16px; line-height: 26px;\">GABINETE DE APOIO AO EMPREENDEDOR<\/span><\/h3>\n<p><span style=\"color: #777777;\">Quer criar o seu pr\u00f3prio neg\u00f3cio? Quer investir na sua empresa? Quer expandir o seu neg\u00f3cio ou apostar na qualifica\u00e7\u00e3o e internacionaliza\u00e7\u00e3o da sua empresa? N\u00f3s Podemos Ajudar!<\/span><a class=\"box-more\" href=\"https:\/\/adivat.pt\/inicio\/gabinete-de-apoio-ao-empreendedor\/\">Saber mais<span class=\"icon-arrow-right2\"><\/span><\/a><\/div><\/div><\/div><div id=\"nz-box-5\" class=\"  nz-box animate-item\"><div class=\"nz-box-wrap\"><style>#nz-box-5 .box-icon {color:#c2c2c2;}#nz-box-5:hover .box-icon {color:#60B947 !important;}<\/style><div class=\"box-icon-wrap\"><div class=\"box-icon icon-support\"><\/div><\/div><div class=\"box-data\"><\/p>\n<h3><span style=\"font-size: 16px; line-height: 26px;\">INCUBA\u00c7\u00c3O DE PROJETOS E EMPRESAS<\/span><\/h3>\n<p><span style=\"color: #777777;\">Mirum est notare quam littera gothica, quam nunc putamus parum claram, anteposuerit litterarum formas humanitatis per seacula quarta decima et quinta decima bionesto.<\/span><a class=\"box-more\" href=\"https:\/\/adivat.pt\/inicio\/incubacao-de-projetos-e-empresas\/\">Saber mais<span class=\"icon-arrow-right2\"><\/span><\/a><\/div><\/div><\/div><\/div>[\/vc_column][\/vc_row]<\/p>\n<p>[vc_row id=&#8221;nz-count-row&#8221; background_color=&#8221;#60B947&#8243; background_image=&#8221;2911&#8243; background_position=&#8221;Center center&#8221; padding_top=&#8221;75&#8243; padding_bottom=&#8221;25&#8243; video=&#8221;true&#8221; overlay_pattern=&#8221;14&#8243;][vc_column]<div id=\"nz-counter-1\" class=\"nz-counter nz-clearfix\" data-columns=\"4\"><div class=\"nz-count\" id=\"nz-count-1\"><div class=\"nz-count-wrap nz-clearfix\"><span class=\"count-value\" style=\"color:#ffffff;\">1260<\/span><span class=\"count-icon icon-plus4\" style=\"color:#ffffff;\"><\/span><span class=\"count-title\" style=\"color:#ffffff;\">Clientes<\/span><style><\/style><\/div><\/div><div class=\"nz-count\" id=\"nz-count-2\"><div class=\"nz-count-wrap nz-clearfix\"><span class=\"count-value\" style=\"color:#ffffff;\">1234<\/span><span class=\"count-icon icon-plus4\" style=\"color:#ffffff;\"><\/span><span class=\"count-title\" style=\"color:#ffffff;\">Projetos<\/span><style><\/style><\/div><\/div><div class=\"nz-count\" id=\"nz-count-3\"><div class=\"nz-count-wrap nz-clearfix\"><span class=\"count-value\" style=\"color:#ffffff;\">1234<\/span><span class=\"count-icon icon-percentage\" style=\"color:#ffffff;\"><\/span><span class=\"count-title\" style=\"color:#ffffff;\">Projetos Aprovados<\/span><style><\/style><\/div><\/div><div class=\"nz-count\" id=\"nz-count-4\"><div class=\"nz-count-wrap nz-clearfix\"><span class=\"count-value\" style=\"color:#ffffff;\">3890<\/span><span class=\"count-icon icon-plus4\" style=\"color:#ffffff;\"><\/span><span class=\"count-title\" style=\"color:#ffffff;\">Sucesso<\/span><style><\/style><\/div><\/div><\/div>[\/vc_column][\/vc_row]<\/p>\n<p>[vc_row background_color=&#8221;#fafafa&#8221; padding_top=&#8221;75&#8243; padding_bottom=&#8221;55&#8243;][vc_column]<div id=\"nz-clients-1\" class=\"lazy nz-clients nz-carousel animate-none\" data-columns=\"5\" data-animate=\"false\" data-autoplay=\"false\"><div class=\"client animate-item\"><div class=\"client-inner\"><a href=\"#\" target=\"_blank\"><img src=\"https:\/\/adivat.pt\/inicio\/wp-content\/uploads\/2019\/12\/quiinta.png\" alt=\"Client\" ><\/a><\/div><\/div><div class=\"client animate-item\"><div class=\"client-inner\"><a href=\"#\" target=\"_blank\"><img src=\"https:\/\/adivat.pt\/inicio\/wp-content\/uploads\/2019\/12\/quinta2.png\" alt=\"Client\" ><\/a><\/div><\/div><div class=\"client animate-item\"><div class=\"client-inner\"><a href=\"#\" target=\"_blank\"><img src=\"https:\/\/adivat.pt\/inicio\/wp-content\/uploads\/2019\/12\/QUINTA6.png\" alt=\"Client\" ><\/a><\/div><\/div><div class=\"client animate-item\"><div class=\"client-inner\"><a href=\"#\" target=\"_blank\"><img src=\"https:\/\/adivat.pt\/inicio\/wp-content\/uploads\/2019\/12\/quinta4.png\" alt=\"Client\" ><\/a><\/div><\/div><div class=\"client animate-item\"><div class=\"client-inner\"><a href=\"#\" target=\"_blank\"><img src=\"https:\/\/adivat.pt\/inicio\/wp-content\/uploads\/2019\/12\/quinta3.png\" alt=\"Client\" ><\/a><\/div><\/div><\/div>[\/vc_column][\/vc_row]<\/p>\n","protected":false},"excerpt":{"rendered":"<p>Claritas est etiam processus dynamicus, qui sequitur mutationem consuetudium lectorum. Mirum est notare quam littera gothica, quam nunc putamus parum claram, anteposuerit litterarum formas humanitatis per seacula quarta decima et quinta decima. Eodem modo typi, qui nunc nobis videntur parum clari, fiant sollemnes in futurum.<\/p>\n","protected":false},"author":1,"featured_media":0,"parent":0,"menu_order":0,"comment_status":"closed","ping_status":"closed","template":"page-vc.php","meta":[],"_links":{"self":[{"href":"https:\/\/adivat.pt\/inicio\/wp-json\/wp\/v2\/pages\/3641"}],"collection":[{"href":"https:\/\/adivat.pt\/inicio\/wp-json\/wp\/v2\/pages"}],"about":[{"href":"https:\/\/adivat.pt\/inicio\/wp-json\/wp\/v2\/types\/page"}],"author":[{"embeddable":true,"href":"https:\/\/adivat.pt\/inicio\/wp-json\/wp\/v2\/users\/1"}],"replies":[{"embeddable":true,"href":"https:\/\/adivat.pt\/inicio\/wp-json\/wp\/v2\/comments?post=3641"}],"version-history":[{"count":116,"href":"https:\/\/adivat.pt\/inicio\/wp-json\/wp\/v2\/pages\/3641\/revisions"}],"predecessor-version":[{"id":4390,"href":"https:\/\/adivat.pt\/inicio\/wp-json\/wp\/v2\/pages\/3641\/revisions\/4390"}],"wp:attachment":[{"href":"https:\/\/adivat.pt\/inicio\/wp-json\/wp\/v2\/media?parent=3641"}],"curies":[{"name":"wp","href":"https:\/\/api.w.org\/{rel}","templated":true}]}}