{"id":3984,"date":"2019-12-17T12:28:12","date_gmt":"2019-12-17T12:28:12","guid":{"rendered":"http:\/\/adivat.pt\/inicio\/?page_id=3984"},"modified":"2022-12-07T01:14:32","modified_gmt":"2022-12-07T01:14:32","slug":"agricultura","status":"publish","type":"page","link":"https:\/\/adivat.pt\/inicio\/agricultura\/","title":{"rendered":"Agricultura"},"content":{"rendered":"\n<p><span style=\"color: #dd9933; font-size: 1.25em; font-weight: 600;\">Como cuidamos?<\/span><\/p>\n\n\n\n<ul><li>Elabora\u00e7\u00e3o\nde candidaturas ao IFAP;<\/li><li>Sala de\nParcel\u00e1rio;<\/li><li>Projetos\nAgr\u00edcolas<\/li><li>Snira;<\/li><li>Inspe\u00e7\u00e3o de\nM\u00e1quinas Agr\u00edcolas;<\/li><li>Forma\u00e7\u00e3o\nProfissional;<\/li><\/ul>\n\n\n\n<p class=\"has-text-align-left has-text-align-justify\">Nos servi\u00e7os\nagr\u00edcolas temos ao dispor dos associados, t\u00e9cnicos especializados e\ncredenciados pelo IFAP. Para o apoio de elabora\u00e7\u00e3o e acompanhamento de\ncandidaturas e todos os procedimentos de acesso \u00e1s ajudas ao IFAP.<\/p>\n\n\n\n<p class=\"has-text-align-left has-text-align-justify\">A\nassist\u00eancia da Adivat, vai desde as Ajudas Diretas, Agroambientais, servi\u00e7o de\nParcel\u00e1rio, localiza\u00e7\u00e3o de novas parcelas e ou altera\u00e7\u00e3o de parcelas na\nexplora\u00e7\u00e3o.<\/p>\n\n\n\n<p class=\"has-text-align-left\">Apoio no\nservi\u00e7o do Snira, para a identifica\u00e7\u00e3o e registo de animais.<\/p>\n\n\n\n<p class=\"has-text-align-left has-text-align-justify\">Como \u00e9 do conhecimento geral, as Boas Pr\u00e1ticas Agr\u00edcolas al\u00e9m de obrigat\u00f3rias e condicionantes de pagamento, obriga os agricultores de cumprirem alguns requisitos, dos quais a inspe\u00e7\u00e3o de m\u00e1quinas agr\u00edcolas. A Adivat presta esse servi\u00e7o aos agricultores.<\/p>\n\n\n\n<div style=\"height:40px\" aria-hidden=\"true\" class=\"wp-block-spacer\"><\/div>\n\n\n\n<p><span style=\"color: #dd9933; font-size: 1.25em; font-weight: 600;\">Forma\u00e7\u00e3o profissional<\/span><\/p>\n\n\n\n<p>A Forma\u00e7\u00e3o\nProfissional \u00e9 uma ferramenta important\u00edssima no contexto agr\u00edcola da regi\u00e3o, representa\num ve\u00edculo privilegiado para a transmiss\u00e3o de novos conhecimentos, pr\u00e1ticas,\natitudes e comportamentos que permitem aos agricultores uma mudan\u00e7a\nsignificativa nas suas explora\u00e7\u00f5es.<\/p>\n\n\n\n<p>A Adivat,\nconta com uma equipa de coordenadores e formadores de grande experi\u00eancia.<\/p>\n\n\n\n<p>Desde a sua\ncria\u00e7\u00e3o que temos realizados v\u00e1rias a\u00e7\u00f5es, para a melhoria do potencial\nagr\u00edcola e humano. Continuamos a apoiar a forma\u00e7\u00e3o profissional.<\/p>\n\n\n\n<p>Neste\nsentido estamos vocacionados para a forma\u00e7\u00e3o financiada e n\u00e3o financiada.<\/p>\n\n\n\n<p>Elaborados a\u00e7\u00f5es agr\u00edcolas: <\/p>\n\n\n\n<ul><li>Aplica\u00e7\u00e3o de Produtos Fitofarmac\u00eauticos; (iniciais e atualiza\u00e7\u00e3o);<\/li><li>Seguran\u00e7a, Higiene e Sa\u00fade no Trabalho;<\/li><li>Conduzir e Operar o Trator em Seguran\u00e7a.<\/li><\/ul>\n\n\n\n<div class=\"wp-block-image\"><figure class=\"aligncenter size-large is-resized\"><img loading=\"lazy\" src=\"http:\/\/adivat.pt\/inicio\/wp-content\/uploads\/2020\/02\/agricultura-1024x171.png\" alt=\"\" class=\"wp-image-4220\" width=\"1435\" height=\"239\" srcset=\"https:\/\/adivat.pt\/inicio\/wp-content\/uploads\/2020\/02\/agricultura-1024x171.png 1024w, https:\/\/adivat.pt\/inicio\/wp-content\/uploads\/2020\/02\/agricultura-300x50.png 300w, https:\/\/adivat.pt\/inicio\/wp-content\/uploads\/2020\/02\/agricultura-768x128.png 768w, https:\/\/adivat.pt\/inicio\/wp-content\/uploads\/2020\/02\/agricultura-600x100.png 600w, https:\/\/adivat.pt\/inicio\/wp-content\/uploads\/2020\/02\/agricultura.png 1200w\" sizes=\"(max-width: 1435px) 100vw, 1435px\" \/><\/figure><\/div>\n\n\n\n&nbsp;\n<hr class=\"wp-block-separator is-style-dots\">\n&nbsp;\n\n\n\n<h2>Necessita de ajuda?<\/h2>\n&nbsp;\n\n\n\n<p><\/p>\n\n\n\n<div role=\"form\" class=\"wpcf7\" id=\"wpcf7-f3983-o1\" lang=\"pt-PT\" dir=\"ltr\">\n<div class=\"screen-reader-response\"><p role=\"status\" aria-live=\"polite\" aria-atomic=\"true\"><\/p> <ul><\/ul><\/div>\n<form action=\"\/inicio\/wp-json\/wp\/v2\/pages\/3984#wpcf7-f3983-o1\" method=\"post\" class=\"wpcf7-form init\" novalidate=\"novalidate\" data-status=\"init\">\n<div style=\"display: none;\">\n<input type=\"hidden\" name=\"_wpcf7\" value=\"3983\" \/>\n<input type=\"hidden\" name=\"_wpcf7_version\" value=\"5.4\" \/>\n<input type=\"hidden\" name=\"_wpcf7_locale\" value=\"pt_PT\" \/>\n<input type=\"hidden\" name=\"_wpcf7_unit_tag\" value=\"wpcf7-f3983-o1\" \/>\n<input type=\"hidden\" name=\"_wpcf7_container_post\" value=\"0\" \/>\n<input type=\"hidden\" name=\"_wpcf7_posted_data_hash\" value=\"\" \/>\n<input type=\"hidden\" name=\"_wpcf7_recaptcha_response\" value=\"\" \/>\n<\/div>\n<div class=\"col col4\" data-margin=\"true\"><span class=\"wpcf7-form-control-wrap your-name\"><input type=\"text\" name=\"your-name\" value=\"\" size=\"40\" class=\"wpcf7-form-control wpcf7-text\" aria-invalid=\"false\" placeholder=\"Nome\" \/><\/span><\/div>\n<div class=\"col col4\" data-margin=\"true\"><span class=\"wpcf7-form-control-wrap your-email\"><input type=\"email\" name=\"your-email\" value=\"\" size=\"40\" class=\"wpcf7-form-control wpcf7-text wpcf7-email wpcf7-validates-as-email\" aria-invalid=\"false\" placeholder=\"E-mail\" \/><\/span><\/div>\n<div class=\"col col4\" data-margin=\"true\"><span class=\"wpcf7-form-control-wrap your-tel\"><input type=\"tel\" name=\"your-tel\" value=\"\" size=\"40\" class=\"wpcf7-form-control wpcf7-text wpcf7-tel wpcf7-validates-as-tel\" aria-invalid=\"false\" placeholder=\"Contato\" \/><\/span><\/div>\n<div class=\"col col12\"  data-margin=\"true\"><span class=\"wpcf7-form-control-wrap your-message\"><textarea name=\"your-message\" cols=\"40\" rows=\"10\" class=\"wpcf7-form-control wpcf7-textarea\" aria-invalid=\"false\" placeholder=\"Mensagem\"><\/textarea><\/span><\/div>\n<div class=\"col col12\"><input type=\"submit\" value=\"Enviar Mensagem\" class=\"wpcf7-form-control wpcf7-submit\" \/><\/div>\n<div class=\"wpcf7-response-output\" aria-hidden=\"true\"><\/div><\/form><\/div>\n","protected":false},"excerpt":{"rendered":"<p>Como cuidamos? Elabora\u00e7\u00e3o de candidaturas ao IFAP; Sala de Parcel\u00e1rio; Projetos Agr\u00edcolas Snira; Inspe\u00e7\u00e3o de M\u00e1quinas Agr\u00edcolas; Forma\u00e7\u00e3o Profissional; Nos servi\u00e7os agr\u00edcolas temos ao dispor dos associados, t\u00e9cnicos especializados e credenciados pelo IFAP. Para o apoio de elabora\u00e7\u00e3o e acompanhamento de candidaturas e todos os procedimentos de acesso \u00e1s ajudas ao IFAP. A assist\u00eancia da [&hellip;]<\/p>\n","protected":false},"author":1,"featured_media":0,"parent":0,"menu_order":0,"comment_status":"closed","ping_status":"closed","template":"","meta":[],"_links":{"self":[{"href":"https:\/\/adivat.pt\/inicio\/wp-json\/wp\/v2\/pages\/3984"}],"collection":[{"href":"https:\/\/adivat.pt\/inicio\/wp-json\/wp\/v2\/pages"}],"about":[{"href":"https:\/\/adivat.pt\/inicio\/wp-json\/wp\/v2\/types\/page"}],"author":[{"embeddable":true,"href":"https:\/\/adivat.pt\/inicio\/wp-json\/wp\/v2\/users\/1"}],"replies":[{"embeddable":true,"href":"https:\/\/adivat.pt\/inicio\/wp-json\/wp\/v2\/comments?post=3984"}],"version-history":[{"count":28,"href":"https:\/\/adivat.pt\/inicio\/wp-json\/wp\/v2\/pages\/3984\/revisions"}],"predecessor-version":[{"id":4334,"href":"https:\/\/adivat.pt\/inicio\/wp-json\/wp\/v2\/pages\/3984\/revisions\/4334"}],"wp:attachment":[{"href":"https:\/\/adivat.pt\/inicio\/wp-json\/wp\/v2\/media?parent=3984"}],"curies":[{"name":"wp","href":"https:\/\/api.w.org\/{rel}","templated":true}]}}