{"id":4122,"date":"2019-12-27T01:20:22","date_gmt":"2019-12-27T01:20:22","guid":{"rendered":"http:\/\/adivat.pt\/inicio\/?page_id=4122"},"modified":"2020-02-07T16:29:35","modified_gmt":"2020-02-07T16:29:35","slug":"certificados-energeticos","status":"publish","type":"page","link":"https:\/\/adivat.pt\/inicio\/certificados-energeticos\/","title":{"rendered":"Certificados energ\u00e9ticos"},"content":{"rendered":"\n<p><span style=\"color: #dd9933; font-size: 1.25em; font-weight: 600;\">O que \u00e9 o Certificado Energ\u00e9tico?<\/span><\/p>\n\n\n\n<p>\u00c9 o 1\u00ba passo para obter conforto e benef\u00edcios econ\u00f3micos na sua casa.<\/p>\n\n\n\n<ul><li>\u00c9 um documento que avalia a efici\u00eancia energ\u00e9tica de uma casa numa escala de F (muito pouco eficiente) a A+ (muito eficiente), emitido por Peritos Qualificados independentes.;<\/li><\/ul>\n\n\n\n<ul><li>Cont\u00e9m informa\u00e7\u00e3o sobre as caracter\u00edsticas da sua casa: isolamentos das janelas, ventila\u00e7\u00e3o, climatiza\u00e7\u00e3o e produ\u00e7\u00e3o de \u00e1guas quentes sanit\u00e1rias e o seu efeito no consumo de energia;<\/li><\/ul>\n\n\n\n<ul><li>Indica medidas de melhoria que podem ser efetuadas para reduzir o consumo, melhorar o conforto e a sa\u00fade;<\/li><\/ul>\n\n\n\n<ul><li>Permite o acesso a benef\u00edcios fiscais e financiamento espec\u00edfico, quando dispon\u00edveis;<\/li><\/ul>\n\n\n\n<ul><li>Valoriza o seu im\u00f3vel.<\/li><\/ul>\n\n\n\n<div style=\"height:23px\" aria-hidden=\"true\" class=\"wp-block-spacer\"><\/div>\n\n\n\n<p><span style=\"color: #dd9933; font-size: 1.25em; font-weight: 600;\">O Certificado Energ\u00e9tico \u00e9 obrigat\u00f3rio para:<\/span><\/p>\n\n\n\n<ul><li>Edif\u00edcios novos;<\/li><\/ul>\n\n\n\n<ul><li>Edif\u00edcios existentes sujeitos a grandes interven\u00e7\u00f5es de reabilita\u00e7\u00e3o, ou seja, interven\u00e7\u00f5es na envolvente ou nas instala\u00e7\u00f5es t\u00e9cnicas do edif\u00edcio, cujo custo seja superior a 25 % do valor do edif\u00edcio;<\/li><\/ul>\n\n\n\n<ul><li>Celebra\u00e7\u00e3o de contratos de venda e de loca\u00e7\u00e3o de edif\u00edcios, incluindo o arrendamento, casos em que o propriet\u00e1rio tem que apresentar ao potencial comprador, locat\u00e1rio ou arrendat\u00e1rio o certificado energ\u00e9tico;<\/li><\/ul>\n\n\n\n<ul><li>Outras situa\u00e7\u00f5es.<\/li><\/ul>\n\n\n\n<div style=\"height:29px\" aria-hidden=\"true\" class=\"wp-block-spacer\"><\/div>\n\n\n\n<p><span style=\"color: #dd9933; font-size: 1.25em; font-weight: 600;\">A ADIVAT e a Certifica\u00e7\u00e3o Energ\u00e9tica:<\/span><\/p>\n\n\n\n<p>A ADIVAT possui na sua equipa t\u00e9cnica, Peritos Qualificados devidamente formados e habilitados pela ADENE (Ag\u00eancia para a Energia) para o processo de Certifica\u00e7\u00e3o Energ\u00e9tica, quer para edif\u00edcios de Habita\u00e7\u00e3o, quer para pequenos edif\u00edcios de Com\u00e9rcio e Servi\u00e7os.<br>  Se tem d\u00favidas sobre o processo ou pretende realizar o seu Certificado Energ\u00e9tico, a ADIVAT vai ajud\u00e1-lo.<\/p>\n\n\n\n<div style=\"height:47px\" aria-hidden=\"true\" class=\"wp-block-spacer\"><\/div>\n\n\n\n<div class=\"wp-block-image\"><figure class=\"aligncenter size-large is-resized\"><img loading=\"lazy\" src=\"http:\/\/adivat.pt\/inicio\/wp-content\/uploads\/2020\/02\/ceretificado-1024x171.png\" alt=\"\" class=\"wp-image-4255\" width=\"1226\" height=\"204\" srcset=\"https:\/\/adivat.pt\/inicio\/wp-content\/uploads\/2020\/02\/ceretificado-1024x171.png 1024w, https:\/\/adivat.pt\/inicio\/wp-content\/uploads\/2020\/02\/ceretificado-300x50.png 300w, https:\/\/adivat.pt\/inicio\/wp-content\/uploads\/2020\/02\/ceretificado-768x128.png 768w, https:\/\/adivat.pt\/inicio\/wp-content\/uploads\/2020\/02\/ceretificado-600x100.png 600w, https:\/\/adivat.pt\/inicio\/wp-content\/uploads\/2020\/02\/ceretificado.png 1200w\" sizes=\"(max-width: 1226px) 100vw, 1226px\" \/><\/figure><\/div>\n\n\n\n&nbsp;\n<hr class=\"wp-block-separator is-style-dots\">\n&nbsp;\n\n\n\n<h2>Necessita de ajuda?<\/h2>\n&nbsp;\n\n\n\n<div role=\"form\" class=\"wpcf7\" id=\"wpcf7-f4153-o1\" lang=\"pt-PT\" dir=\"ltr\">\n<div class=\"screen-reader-response\"><p role=\"status\" aria-live=\"polite\" aria-atomic=\"true\"><\/p> <ul><\/ul><\/div>\n<form action=\"\/inicio\/wp-json\/wp\/v2\/pages\/4122#wpcf7-f4153-o1\" method=\"post\" class=\"wpcf7-form init\" novalidate=\"novalidate\" data-status=\"init\">\n<div style=\"display: none;\">\n<input type=\"hidden\" name=\"_wpcf7\" value=\"4153\" \/>\n<input type=\"hidden\" name=\"_wpcf7_version\" value=\"5.4\" \/>\n<input type=\"hidden\" name=\"_wpcf7_locale\" value=\"pt_PT\" \/>\n<input type=\"hidden\" name=\"_wpcf7_unit_tag\" value=\"wpcf7-f4153-o1\" \/>\n<input type=\"hidden\" name=\"_wpcf7_container_post\" value=\"0\" \/>\n<input type=\"hidden\" name=\"_wpcf7_posted_data_hash\" value=\"\" \/>\n<input type=\"hidden\" name=\"_wpcf7_recaptcha_response\" value=\"\" \/>\n<\/div>\n<div class=\"col col4\" data-margin=\"true\"><span class=\"wpcf7-form-control-wrap your-name\"><input type=\"text\" name=\"your-name\" value=\"\" size=\"40\" class=\"wpcf7-form-control wpcf7-text\" aria-invalid=\"false\" placeholder=\"Nome\" \/><\/span><\/div>\n<div class=\"col col4\" data-margin=\"true\"><span class=\"wpcf7-form-control-wrap your-email\"><input type=\"email\" name=\"your-email\" value=\"\" size=\"40\" class=\"wpcf7-form-control wpcf7-text wpcf7-email wpcf7-validates-as-email\" aria-invalid=\"false\" placeholder=\"E-mail\" \/><\/span><\/div>\n<div class=\"col col4\" data-margin=\"true\"><span class=\"wpcf7-form-control-wrap your-tel\"><input type=\"tel\" name=\"your-tel\" value=\"\" size=\"40\" class=\"wpcf7-form-control wpcf7-text wpcf7-tel wpcf7-validates-as-tel\" aria-invalid=\"false\" placeholder=\"Contato\" \/><\/span><\/div>\n<div class=\"col col12\"  data-margin=\"true\"><span class=\"wpcf7-form-control-wrap your-message\"><textarea name=\"your-message\" cols=\"40\" rows=\"10\" class=\"wpcf7-form-control wpcf7-textarea\" aria-invalid=\"false\" placeholder=\"Mensagem\"><\/textarea><\/span><\/div>\n<div class=\"col col12\"><input type=\"submit\" value=\"Enviar Mensagem\" class=\"wpcf7-form-control wpcf7-submit\" \/><\/div>\n<div class=\"wpcf7-response-output\" aria-hidden=\"true\"><\/div><\/form><\/div>\n","protected":false},"excerpt":{"rendered":"<p>O que \u00e9 o Certificado Energ\u00e9tico? \u00c9 o 1\u00ba passo para obter conforto e benef\u00edcios econ\u00f3micos na sua casa. \u00c9 um documento que avalia a efici\u00eancia energ\u00e9tica de uma casa numa escala de F (muito pouco eficiente) a A+ (muito eficiente), emitido por Peritos Qualificados independentes.; Cont\u00e9m informa\u00e7\u00e3o sobre as caracter\u00edsticas da sua casa: isolamentos [&hellip;]<\/p>\n","protected":false},"author":1,"featured_media":0,"parent":0,"menu_order":0,"comment_status":"closed","ping_status":"closed","template":"","meta":[],"_links":{"self":[{"href":"https:\/\/adivat.pt\/inicio\/wp-json\/wp\/v2\/pages\/4122"}],"collection":[{"href":"https:\/\/adivat.pt\/inicio\/wp-json\/wp\/v2\/pages"}],"about":[{"href":"https:\/\/adivat.pt\/inicio\/wp-json\/wp\/v2\/types\/page"}],"author":[{"embeddable":true,"href":"https:\/\/adivat.pt\/inicio\/wp-json\/wp\/v2\/users\/1"}],"replies":[{"embeddable":true,"href":"https:\/\/adivat.pt\/inicio\/wp-json\/wp\/v2\/comments?post=4122"}],"version-history":[{"count":11,"href":"https:\/\/adivat.pt\/inicio\/wp-json\/wp\/v2\/pages\/4122\/revisions"}],"predecessor-version":[{"id":4256,"href":"https:\/\/adivat.pt\/inicio\/wp-json\/wp\/v2\/pages\/4122\/revisions\/4256"}],"wp:attachment":[{"href":"https:\/\/adivat.pt\/inicio\/wp-json\/wp\/v2\/media?parent=4122"}],"curies":[{"name":"wp","href":"https:\/\/api.w.org\/{rel}","templated":true}]}}